{"id":79,"date":"2020-07-16T07:18:36","date_gmt":"2020-07-16T07:18:36","guid":{"rendered":"https:\/\/demosites.io\/fitness-trainer-gb\/?page_id=79"},"modified":"2025-07-26T18:56:37","modified_gmt":"2025-07-26T18:56:37","slug":"9cafb-contact","status":"publish","type":"page","link":"https:\/\/www.bektasotomasyon.com\/?page_id=79","title":{"rendered":"\u0130LET\u0130\u015e\u0130M"},"content":{"rendered":"\n<section id=\"wp-block-themeisle-blocks-advanced-columns-8e5f5f85\" class=\"wp-block-themeisle-blocks-advanced-columns alignfull has-1-columns has-desktop-equal-layout has-tablet-equal-layout has-mobile-equal-layout has-vertical-center\"><div class=\"wp-block-themeisle-blocks-advanced-columns-overlay\"><\/div><div class=\"innerblocks-wrap\">\n<div id=\"wp-block-themeisle-blocks-advanced-column-b070ff3b\" class=\"wp-block-themeisle-blocks-advanced-column\">\n<h1 id=\"wp-block-themeisle-blocks-advanced-heading-2f679188\" class=\"wp-block-themeisle-blocks-advanced-heading wp-block-themeisle-blocks-advanced-heading-2f679188\">TEMAS ET<\/h1>\n<\/div>\n<\/div><\/section>\n\n\n\n<section id=\"wp-block-themeisle-blocks-advanced-columns-f06e09fe\" class=\"wp-block-themeisle-blocks-advanced-columns alignfull has-2-columns has-desktop-equal-layout has-tablet-twoOne-layout has-mobile-collapsedRows-layout has-vertical-flex-start\"><div class=\"wp-block-themeisle-blocks-advanced-columns-overlay\"><\/div><div class=\"innerblocks-wrap\">\n<div id=\"wp-block-themeisle-blocks-advanced-column-009e9869\" class=\"wp-block-themeisle-blocks-advanced-column\">\n<h2 class=\"wp-block-heading has-text-align-left\">B\u0130ZE MESAJ \u0130LET\u0130N<\/h2>\n\n\n\n<div id=\"wp-block-themeisle-blocks-form-972d0f71\" class=\"wp-block-themeisle-blocks-form ticss-972d0f71\" data-option-name=\"bf9b28ff82ce323187abc5d0feb0d8f07ecd8436_972d0f71\"><form class=\"otter-form__container\">\n<div id=\"wp-block-themeisle-blocks-form-input-9c50da18\" class=\"wp-block-themeisle-blocks-form-input\"><label for=\"wp-block-themeisle-blocks-form-input-9c50da18-input\" class=\"otter-form-input-label\"><span class=\"otter-form-input-label__label\">ADINIZ SOYADINIZ<\/span><span class=\"required\">*<\/span><\/label><input type=\"text\" id=\"wp-block-themeisle-blocks-form-input-9c50da18-input\" required class=\"otter-form-input\"\/><\/div>\n\n\n\n<div id=\"wp-block-themeisle-blocks-form-input-ab0e630c\" class=\"wp-block-themeisle-blocks-form-input\"><label for=\"wp-block-themeisle-blocks-form-input-ab0e630c-input\" class=\"otter-form-input-label\"><span class=\"otter-form-input-label__label\">E-mail<\/span><span class=\"required\">*<\/span><\/label><input type=\"email\" id=\"wp-block-themeisle-blocks-form-input-ab0e630c-input\" required class=\"otter-form-input\"\/><\/div>\n\n\n\n<div id=\"wp-block-themeisle-blocks-form-textarea-03d9ec5c\" class=\"wp-block-themeisle-blocks-form-textarea\"><label for=\"wp-block-themeisle-blocks-form-textarea-03d9ec5c-input\" class=\"otter-form-textarea-label\"><span class=\"otter-form-textarea-label__label\">Message<\/span><\/label><textarea id=\"wp-block-themeisle-blocks-form-textarea-03d9ec5c-input\" rows=\"10\" class=\"otter-form-textarea-input\"><\/textarea><\/div>\n\n\n<div class=\"wp-block-button\"><button class=\"wp-block-button__link\" type=\"submit\">G\u00d6NDER<\/button><\/div><\/form><\/div>\n<\/div>\n\n\n\n<div id=\"wp-block-themeisle-blocks-advanced-column-fb34e971\" class=\"wp-block-themeisle-blocks-advanced-column\">\n<figure class=\"wp-block-gallery has-nested-images columns-default is-cropped wp-block-gallery-1 is-layout-flex wp-block-gallery-is-layout-flex\">\n<figure class=\"wp-block-image size-full is-style-rounded\"><img loading=\"lazy\" decoding=\"async\" width=\"341\" height=\"341\" data-id=\"223\" src=\"https:\/\/www.bektasotomasyon.com\/wp-content\/uploads\/2025\/07\/cropped-logo-edited.png\" alt=\"\" class=\"wp-image-223\" srcset=\"https:\/\/www.bektasotomasyon.com\/wp-content\/uploads\/2025\/07\/cropped-logo-edited.png 341w, https:\/\/www.bektasotomasyon.com\/wp-content\/uploads\/2025\/07\/cropped-logo-edited-300x300.png 300w, https:\/\/www.bektasotomasyon.com\/wp-content\/uploads\/2025\/07\/cropped-logo-edited-150x150.png 150w, https:\/\/www.bektasotomasyon.com\/wp-content\/uploads\/2025\/07\/cropped-logo-edited-100x100.png 100w\" sizes=\"auto, (max-width: 341px) 100vw, 341px\" \/><\/figure>\n<\/figure>\n\n\n\n<div style=\"height:16px\" aria-hidden=\"true\" class=\"wp-block-spacer\"><\/div>\n\n\n\n<h3 class=\"wp-block-heading has-text-align-center\">Ufuk BEKTA\u015e<\/h3>\n\n\n\n<div id=\"wp-block-themeisle-blocks-icon-list-5eeb1ac7\" class=\"wp-block-themeisle-blocks-icon-list\">\n<div id=\"wp-block-themeisle-blocks-icon-list-item-3e07f275\" class=\"wp-block-themeisle-blocks-icon-list-item\"><i class=\"fas fa-phone-alt wp-block-themeisle-blocks-icon-list-item-icon\"><\/i><p class=\"wp-block-themeisle-blocks-icon-list-item-content\">0 (533) 131 12 10<\/p><\/div>\n<\/div>\n\n\n\n<div style=\"height:8px\" aria-hidden=\"true\" class=\"wp-block-spacer\"><\/div>\n<\/div>\n<\/div><\/section>\n","protected":false},"excerpt":{"rendered":"","protected":false},"author":1,"featured_media":0,"parent":0,"menu_order":0,"comment_status":"closed","ping_status":"closed","template":"","meta":{"footnotes":""},"class_list":["post-79","page","type-page","status-publish","hentry"],"_links":{"self":[{"href":"https:\/\/www.bektasotomasyon.com\/index.php?rest_route=\/wp\/v2\/pages\/79","targetHints":{"allow":["GET"]}}],"collection":[{"href":"https:\/\/www.bektasotomasyon.com\/index.php?rest_route=\/wp\/v2\/pages"}],"about":[{"href":"https:\/\/www.bektasotomasyon.com\/index.php?rest_route=\/wp\/v2\/types\/page"}],"author":[{"embeddable":true,"href":"https:\/\/www.bektasotomasyon.com\/index.php?rest_route=\/wp\/v2\/users\/1"}],"replies":[{"embeddable":true,"href":"https:\/\/www.bektasotomasyon.com\/index.php?rest_route=%2Fwp%2Fv2%2Fcomments&post=79"}],"version-history":[{"count":3,"href":"https:\/\/www.bektasotomasyon.com\/index.php?rest_route=\/wp\/v2\/pages\/79\/revisions"}],"predecessor-version":[{"id":228,"href":"https:\/\/www.bektasotomasyon.com\/index.php?rest_route=\/wp\/v2\/pages\/79\/revisions\/228"}],"wp:attachment":[{"href":"https:\/\/www.bektasotomasyon.com\/index.php?rest_route=%2Fwp%2Fv2%2Fmedia&parent=79"}],"curies":[{"name":"wp","href":"https:\/\/api.w.org\/{rel}","templated":true}]}}