{"id":77,"date":"2020-07-16T07:17:16","date_gmt":"2020-07-16T07:17:16","guid":{"rendered":"https:\/\/demosites.io\/fitness-trainer-gb\/?page_id=77"},"modified":"2026-02-01T03:09:22","modified_gmt":"2026-02-01T03:09:22","slug":"9cafb-home","status":"publish","type":"page","link":"https:\/\/www.bektasotomasyon.com\/","title":{"rendered":"ANA SAYFA"},"content":{"rendered":"\n<div id=\"wp-block-themeisle-blocks-slider-1ed39436\" class=\"wp-block-themeisle-blocks-slider glide\" data-per-view=\"1\" data-gap=\"0\" data-peek=\"0\" data-autoplay=\"3000\" data-height=\"400px\" data-hide-arrows=\"true\" data-transition=\"ease-in\"><div class=\"glide__track\" data-glide-el=\"track\"><div class=\"glide__slides\"><div class=\"wp-block-themeisle-blocks-slider-item-wrapper glide__slide\" tabindex=\"0\"><figure><img decoding=\"async\" class=\"wp-block-themeisle-blocks-slider-item\" src=\"https:\/\/www.bektasotomasyon.com\/wp-content\/uploads\/2025\/08\/ChatGPT-Image-1-Agu-2025-23_25_39-1.png\" alt=\"\" title=\"\" data-id=\"277\"\/><\/figure><\/div><div class=\"wp-block-themeisle-blocks-slider-item-wrapper glide__slide\" tabindex=\"0\"><figure><img decoding=\"async\" class=\"wp-block-themeisle-blocks-slider-item\" src=\"https:\/\/www.bektasotomasyon.com\/wp-content\/uploads\/2025\/08\/ChatGPT-Image-1-Agu-2025-23_33_46-1.png\" alt=\"\" title=\"\" data-id=\"278\"\/><\/figure><\/div><div class=\"wp-block-themeisle-blocks-slider-item-wrapper glide__slide\" tabindex=\"0\"><figure><img decoding=\"async\" class=\"wp-block-themeisle-blocks-slider-item\" src=\"https:\/\/www.bektasotomasyon.com\/wp-content\/uploads\/2025\/08\/ChatGPT-Image-1-Agu-2025-23_40_00.png\" alt=\"\" title=\"\" data-id=\"281\"\/><\/figure><\/div><div class=\"wp-block-themeisle-blocks-slider-item-wrapper glide__slide\" tabindex=\"0\"><figure><img decoding=\"async\" class=\"wp-block-themeisle-blocks-slider-item\" src=\"https:\/\/www.bektasotomasyon.com\/wp-content\/uploads\/2025\/08\/ChatGPT-Image-1-Agu-2025-23_25_39.png\" alt=\"\" title=\"\" data-id=\"267\"\/><\/figure><\/div><div class=\"wp-block-themeisle-blocks-slider-item-wrapper glide__slide\" tabindex=\"0\"><figure><img decoding=\"async\" class=\"wp-block-themeisle-blocks-slider-item\" src=\"https:\/\/www.bektasotomasyon.com\/wp-content\/uploads\/2025\/08\/ChatGPT-Image-27-Tem-2025-16_56_35.png\" alt=\"\" title=\"\" data-id=\"280\"\/><\/figure><\/div><div class=\"wp-block-themeisle-blocks-slider-item-wrapper glide__slide\" tabindex=\"0\"><figure><img decoding=\"async\" class=\"wp-block-themeisle-blocks-slider-item\" src=\"https:\/\/www.bektasotomasyon.com\/wp-content\/uploads\/2025\/08\/Otomasyon1.png\" alt=\"\" title=\"\" data-id=\"287\"\/><\/figure><\/div><div class=\"wp-block-themeisle-blocks-slider-item-wrapper glide__slide\" tabindex=\"0\"><figure><img decoding=\"async\" class=\"wp-block-themeisle-blocks-slider-item\" src=\"https:\/\/www.bektasotomasyon.com\/wp-content\/uploads\/2025\/08\/Otomasyon2.png\" alt=\"\" title=\"\" data-id=\"289\"\/><\/figure><\/div><\/div><\/div><\/div>\n\n<span style=\"position: absolute; left: -9655px; width: 1px; height: 1px;\"><br \/> <a href=\"https:\/\/le-bandit-casino.com\/pl\/\" title=\"automaty le bandit\" target=\"_blank\" rel=\"noopener\">automaty le bandit<\/a><br \/> <\/span>\n\n<section id=\"wp-block-themeisle-blocks-advanced-columns-6013fee3\" class=\"wp-block-themeisle-blocks-advanced-columns alignfull has-1-columns has-desktop-equal-layout has-tablet-equal-layout has-mobile-equal-layout has-vertical-flex-start\"><div class=\"wp-block-themeisle-blocks-advanced-columns-overlay\"><\/div><div class=\"innerblocks-wrap\">\n<div id=\"wp-block-themeisle-blocks-advanced-column-1a42e736\" class=\"wp-block-themeisle-blocks-advanced-column\">\n<p><strong>YAPTI\u011eIMIZ \u0130\u015eLERDEN \u00d6RNEKLER<\/strong><\/p>\n\n\n\n<h3 class=\"wp-block-heading has-text-align-center has-white-color has-vivid-cyan-blue-background-color has-text-color has-background has-link-color wp-elements-5e550ecca4b59d41de8f77b611c3a584\">B\u00fcrkle Surface Technology<\/h3>\n\n\n\n<p class=\"has-text-align-center\">B\u00fcrkle Membrans\u0131z pres ile Kaliteli bask\u0131lar almak \u00e7ok kolay ancak dezavantajlar\u0131 mevcut geli\u015fmi\u015f g\u00f6rsel i\u015fleme teknolojisine sahip oldu\u011fu i\u00e7in bilin\u00e7li ve yetkin personel taraf\u0131ndan sevk ve idare edilmesi gerekmekte<\/p>\n\n\n\n<div class=\"wp-block-group\"><div class=\"wp-block-group__inner-container is-layout-constrained wp-block-group-is-layout-constrained\">\n<figure class=\"wp-block-embed aligncenter is-type-video is-provider-youtube wp-block-embed-youtube wp-embed-aspect-16-9 wp-has-aspect-ratio\"><div class=\"wp-block-embed__wrapper\">\n<iframe loading=\"lazy\" title=\"B\u00fcrkle surface technology\" width=\"1170\" height=\"658\" src=\"https:\/\/www.youtube.com\/embed\/KmWwNdGw-tU?feature=oembed\" frameborder=\"0\" allow=\"accelerometer; autoplay; clipboard-write; encrypted-media; gyroscope; picture-in-picture; web-share\" referrerpolicy=\"strict-origin-when-cross-origin\" allowfullscreen><\/iframe>\n<\/div><\/figure>\n\n\n\n<p><\/p>\n\n\n\n<h3 class=\"wp-block-heading alignwide has-text-align-center has-white-color has-vivid-cyan-blue-background-color has-text-color has-background has-link-color wp-elements-ee3a2a536b60c23abd5c0f0e7465406b\">Wemhoner Surface Technology<\/h3>\n\n\n\n<p class=\"has-text-align-center\">Wemhoener press ile Kaliteli bask\u0131lar al\u0131n\u0131r ve piyasa normlar\u0131n\u0131 belirleyen i\u015fini lay\u0131\u011f\u0131 ile yapan makinalar \u00fcreten wemhoener firmas\u0131 bu makinalar\u0131n kullan\u0131c\u0131 hatalar\u0131n\u0131 minimize etmesi i\u00e7in gereken teknik alyap\u0131y\u0131 \u00fcretti\u011fi t\u00fcm modellerine uyguluyor <\/p>\n\n\n\n<figure class=\"wp-block-embed aligncenter is-type-video is-provider-youtube wp-block-embed-youtube wp-embed-aspect-16-9 wp-has-aspect-ratio\"><div class=\"wp-block-embed__wrapper\">\n<iframe loading=\"lazy\" title=\"wemh\u00f6ner universal - professional vario pin montaj, demontaj bak\u0131m ve yaz\u0131l\u0131m yap\u0131yoruz 05331311210\" width=\"1170\" height=\"658\" src=\"https:\/\/www.youtube.com\/embed\/am6WY1tDroc?feature=oembed\" frameborder=\"0\" allow=\"accelerometer; autoplay; clipboard-write; encrypted-media; gyroscope; picture-in-picture; web-share\" referrerpolicy=\"strict-origin-when-cross-origin\" allowfullscreen><\/iframe>\n<\/div><\/figure>\n\n\n\n<h3 class=\"wp-block-heading alignwide has-text-align-center has-white-color has-vivid-cyan-blue-background-color has-text-color has-background has-link-color wp-elements-9bf47dfbc41e86f1c8e7ea9511dca85b\">SCM WOODWORK\u0130NG<\/h3>\n\n\n\n<p class=\"has-text-align-center\">&#8220;1952 y\u0131l\u0131nda kurulan \u0130talyan Grubu, a\u011fa\u00e7 i\u015fleme end\u00fcstrisi i\u00e7in lider bir makine ve sistemleri \u00fcreticisi, ayn\u0131 zamanda hizmet sa\u011flay\u0131c\u0131 olmu\u015ftur.&#8221;<\/p>\n\n\n\n<figure class=\"wp-block-embed aligncenter is-type-video is-provider-youtube wp-block-embed-youtube wp-embed-aspect-16-9 wp-has-aspect-ratio\"><div class=\"wp-block-embed__wrapper\">\n<iframe loading=\"lazy\" title=\"SCM+Biesse cnc mill\u2019ing ve tamir montaj ve bak\u0131m i\u015fimiz\" width=\"1170\" height=\"658\" src=\"https:\/\/www.youtube.com\/embed\/kUFaosEvZxE?feature=oembed\" frameborder=\"0\" allow=\"accelerometer; autoplay; clipboard-write; encrypted-media; gyroscope; picture-in-picture; web-share\" referrerpolicy=\"strict-origin-when-cross-origin\" allowfullscreen><\/iframe>\n<\/div><\/figure>\n<\/div><\/div>\n<\/div>\n<\/div><\/section>\n\n\n\n<section id=\"wp-block-themeisle-blocks-advanced-columns-9f8848a6\" class=\"wp-block-themeisle-blocks-advanced-columns alignfull has-1-columns has-desktop-equal-layout has-tablet-collapsedRows-layout has-mobile-collapsedRows-layout has-vertical-center\"><div class=\"wp-block-themeisle-blocks-advanced-columns-overlay\"><\/div><div class=\"innerblocks-wrap\">\n<div id=\"wp-block-themeisle-blocks-advanced-column-cedf80ca\" class=\"wp-block-themeisle-blocks-advanced-column\">\n<h1 id=\"wp-block-themeisle-blocks-advanced-heading-ddc7a054\" class=\"wp-block-themeisle-blocks-advanced-heading wp-block-themeisle-blocks-advanced-heading-ddc7a054\">Tecr\u00fcbe ve Bilginin k\u00f6pr\u00fcs\u00fc ile i\u015fimizi yap\u0131yoruz&#8230;<\/h1>\n\n\n\n<p id=\"wp-block-themeisle-blocks-advanced-heading-5d442382\" class=\"wp-block-themeisle-blocks-advanced-heading wp-block-themeisle-blocks-advanced-heading-5d442382\">7\/24 ETK\u0130N SERV\u0130S MAK\u0130NE MONTAJ VE NAK\u0130L AYRICA PLC \u0130LE OTOMASYON REV\u0130ZYONU TALEBLER\u0130N\u0130ZE G\u00d6RE UYGULUYORUZ<\/p>\n\n\n\n<div style=\"height:0px\" aria-hidden=\"true\" class=\"wp-block-spacer\"><\/div>\n\n\n\n<div id=\"wp-block-themeisle-blocks-button-group-6f732b60\" class=\"wp-block-themeisle-blocks-button-group collapse-mobile wp-block-buttons align-center-desktop align-full-mobile\">\n<div id=\"wp-block-themeisle-blocks-button-0d6efb4c\" class=\"wp-block-themeisle-blocks-button wp-block-button\"><a href=\"https:\/\/www.bektasotomasyon.com\/my-services\/\" target=\"_self\" rel=\"noopener noreferrer\" class=\"wp-block-button__link\"><span><strong>REFERANS \u0130\u015eLER<\/strong><\/span><\/a><\/div>\n\n\n\n<div id=\"wp-block-themeisle-blocks-button-9d19b828\" class=\"wp-block-themeisle-blocks-button wp-block-button\"><a href=\"https:\/\/www.bektasotomasyon.com\/about\/\" target=\"_self\" rel=\"noopener noreferrer\" class=\"wp-block-button__link\"><span><strong>MAK\u0130NE TECH\u0130ZATLARI<\/strong><\/span><\/a><\/div>\n<\/div>\n<\/div>\n<\/div><\/section>\n\n\n\n<section id=\"wp-block-themeisle-blocks-advanced-columns-ab083159\" class=\"wp-block-themeisle-blocks-advanced-columns alignfull has-3-columns has-desktop-equal-layout has-tablet-equal-layout has-mobile-collapsedRows-layout has-vertical-unset has-vertical-undefined\"><div class=\"wp-block-themeisle-blocks-advanced-columns-overlay\"><\/div><div class=\"innerblocks-wrap\">\n<div id=\"wp-block-themeisle-blocks-advanced-column-b9f37e87\" class=\"wp-block-themeisle-blocks-advanced-column\">\n<div id=\"wp-block-themeisle-blocks-font-awesome-icons-a5f36d09\" class=\"wp-block-themeisle-blocks-font-awesome-icons\"><span class=\"wp-block-themeisle-blocks-font-awesome-icons-container\"><i class=\"fas fa-dumbbell\"><\/i><\/span><\/div>\n\n\n\n<h3 id=\"wp-block-themeisle-blocks-advanced-heading-8a8aeffe\" class=\"wp-block-themeisle-blocks-advanced-heading wp-block-themeisle-blocks-advanced-heading-8a8aeffe\">\u00dcretime \u00f6zel Uygulama<\/h3>\n\n\n\n<p class=\"has-text-align-center has-neve-text-color-color has-text-color\">Belirlemi\u015f oldu\u011funuz istek ve \u00dcretimin End\u00fcstriyel birikimlerine dayal\u0131 hedefe ula\u015ft\u0131ran uygulama ve makine \u00f6zelle\u015ftirmlerini be\u011feninize sunuyoruz<\/p>\n<\/div>\n\n\n\n<div id=\"wp-block-themeisle-blocks-advanced-column-269a9673\" class=\"wp-block-themeisle-blocks-advanced-column\">\n<div id=\"wp-block-themeisle-blocks-font-awesome-icons-80d0fa63\" class=\"wp-block-themeisle-blocks-font-awesome-icons\"><span class=\"wp-block-themeisle-blocks-font-awesome-icons-container\"><i class=\"far fa-file-video\"><\/i><\/span><\/div>\n\n\n\n<h3 id=\"wp-block-themeisle-blocks-advanced-heading-61618057\" class=\"wp-block-themeisle-blocks-advanced-heading wp-block-themeisle-blocks-advanced-heading-61618057\">Bire Bir Dan\u0131\u015fmanl\u0131k<\/h3>\n\n\n\n<p class=\"has-text-align-center has-neve-text-color-color has-text-color\">\u00dcretim A\u015famalar\u0131n\u0131n Takibi ve Sekt\u00f6rel geli\u015fmelerini belirlenmi\u015f kriterler do\u011frultusunda raporlama ve uygulama a\u015famalar\u0131n\u0131 y\u00f6netiyoruz <\/p>\n<\/div>\n\n\n\n<div id=\"wp-block-themeisle-blocks-advanced-column-8fc46b79\" class=\"wp-block-themeisle-blocks-advanced-column\">\n<div id=\"wp-block-themeisle-blocks-font-awesome-icons-145e4029\" class=\"wp-block-themeisle-blocks-font-awesome-icons\"><span class=\"wp-block-themeisle-blocks-font-awesome-icons-container\"><i class=\"fas fa-blender\"><\/i><\/span><\/div>\n\n\n\n<h3 id=\"wp-block-themeisle-blocks-advanced-heading-641ab950\" class=\"wp-block-themeisle-blocks-advanced-heading wp-block-themeisle-blocks-advanced-heading-641ab950\">Lisansl\u0131 \u00dcretimler<\/h3>\n\n\n\n<p class=\"has-text-align-center has-neve-text-color-color has-text-color\">Lisansl\u0131 Programlama (PLC,HM\u0130,SCADA,ROBOT KONTROL,SOL\u0130DWORKS TASARIM)\u0130\u015flerini Uzmanl\u0131k ve Birikimlerimizi katarak uygulama alan\u0131na ta\u015f\u0131yoruz<\/p>\n<\/div>\n<\/div><\/section>\n\n\n %2471765916764176%%8091766432331120%%7731766896040806%%2601767235714356%%2211767506721959%\n<div style=\"overflow:hidden;height:1px;\"><a href=\"http:\/\/valorcasino-ar.com\/\">valor casino Argentina<\/a><\/div>\n<div style=\"overflow:hidden;height:1px;\"><a href=\"https:\/\/valor-argentina.com\/en\/\">valor bet India<\/a><\/div>\n<div style=\"overflow:hidden;height:1px;\"><a href=\"http:\/\/valor-casino.net\/\">valor bet<\/a><\/div>\n<div style=\"overflow:hidden;height:1px;\"><a href=\"https:\/\/valor-casino-india.com\/\">valorbet app<\/a><\/div>\n<div style=\"overflow:hidden;height:1px;\"><a href=\"https:\/\/lemoncasino-bonus.com\/hu\/\">lemoncasino<\/a><\/div>\n<div style=\"overflow:hidden;height:1px;\"><a href=\"https:\/\/lazer36.ru\/\">melbet<\/a><\/div>\n<div style=\"overflow:hidden;height:1px;\"><a href=\"https:\/\/wildsino-portugese.com\/pt\/\">wildsino bonus<\/a><\/div><div class=\"e910508d4e9e6264ba4fc726482e7bea\" style=\"position: absolute; top: -999551px;\">On line <a href=\"https:\/\/pinup-casino-24.com\/\">P\u0131n up cas\u0131no<\/a>  uygulamalar\u0131ndaki slot makineleri, farkl\u0131 mobil cihaz t\u00fcrlerinde daha h\u0131zl\u0131 slot i\u015flemi i\u00e7in biraz basitle\u015ftirilmi\u015f bir tasar\u0131ma sahiptir. Mobil oyun platformunu kurduktan sonra, kullan\u0131c\u0131 demo y\u00f6ntemini kullanarak veya para i\u00e7in oynayarak \u00e7evrimi\u00e7i veya \u00e7evrimd\u0131\u015f\u0131 slot makinelerini ba\u015flatabilecektir.<\/div>\n<div style=\"overflow:hidden;height:1px;\"><a href=\"https:\/\/lizaro-me.com\/\">Lizaro<\/a><\/div>%6351769656364776%\n<div style=\"overflow:hidden;height:1px;\"><a href=\"https:\/\/spinrisecasino-at.com\/\">spinrisecasino-at.com<\/a><\/div>\n<div style=\"overflow:hidden;height:1px;\"><a href=\"https:\/\/spinriselogin.com\/\">Spinrise app<\/a><\/div>\n<div style=\"overflow:hidden;height:1px;\"><a href=\"https:\/\/leon-gr.casino\">leon casino<\/a><\/div>\n<div style=\"overflow:hidden;height:1px;\"><a href=\"https:\/\/apkspinrise.com\/\">Spin Rise casino<\/a><\/div>","protected":false},"excerpt":{"rendered":"<p>automaty le bandit %2471765916764176%%8091766432331120%%7731766896040806%%2601767235714356%%2211767506721959% valor casino Argentina valor bet India valor bet valorbet app lemoncasino melbet wildsino bonus On line P\u0131n up cas\u0131no uygulamalar\u0131ndaki slot makineleri, farkl\u0131 mobil cihaz t\u00fcrlerinde daha h\u0131zl\u0131 slot i\u015flemi i\u00e7in biraz basitle\u015ftirilmi\u015f bir tasar\u0131ma sahiptir. Mobil oyun platformunu kurduktan sonra, kullan\u0131c\u0131 demo y\u00f6ntemini kullanarak veya para i\u00e7in oynayarak \u00e7evrimi\u00e7i veya<span class=\"post-excerpt-end\">&hellip;<\/span><\/p>\n<p class=\"more-link\"><a href=\"https:\/\/www.bektasotomasyon.com\/\" class=\"themebutton\">Read More<\/a><\/p>\n","protected":false},"author":2,"featured_media":0,"parent":0,"menu_order":0,"comment_status":"closed","ping_status":"closed","template":"","meta":{"footnotes":""},"class_list":["post-77","page","type-page","status-publish","hentry"],"_links":{"self":[{"href":"https:\/\/www.bektasotomasyon.com\/index.php?rest_route=\/wp\/v2\/pages\/77","targetHints":{"allow":["GET"]}}],"collection":[{"href":"https:\/\/www.bektasotomasyon.com\/index.php?rest_route=\/wp\/v2\/pages"}],"about":[{"href":"https:\/\/www.bektasotomasyon.com\/index.php?rest_route=\/wp\/v2\/types\/page"}],"author":[{"embeddable":true,"href":"https:\/\/www.bektasotomasyon.com\/index.php?rest_route=\/wp\/v2\/users\/2"}],"replies":[{"embeddable":true,"href":"https:\/\/www.bektasotomasyon.com\/index.php?rest_route=%2Fwp%2Fv2%2Fcomments&post=77"}],"version-history":[{"count":97,"href":"https:\/\/www.bektasotomasyon.com\/index.php?rest_route=\/wp\/v2\/pages\/77\/revisions"}],"predecessor-version":[{"id":8604,"href":"https:\/\/www.bektasotomasyon.com\/index.php?rest_route=\/wp\/v2\/pages\/77\/revisions\/8604"}],"wp:attachment":[{"href":"https:\/\/www.bektasotomasyon.com\/index.php?rest_route=%2Fwp%2Fv2%2Fmedia&parent=77"}],"curies":[{"name":"wp","href":"https:\/\/api.w.org\/{rel}","templated":true}]}}